{"id":6,"date":"2019-09-01T05:18:41","date_gmt":"2019-09-01T05:18:41","guid":{"rendered":"http:\/\/buscafuska-org.alberguedigital.org\/hestia-front\/"},"modified":"2019-09-01T05:34:43","modified_gmt":"2019-09-01T05:34:43","slug":"hestia-front","status":"publish","type":"page","link":"http:\/\/buscafuska.org\/","title":{"rendered":"Podemos acabar con el maltrato animal"},"content":{"rendered":"\n<p>Existen m\u00e1s de 60 millones de animales en la calle en Latinoam\u00e9rica, sufriendo hambre, fr\u00edo y maltrato. Cada d\u00eda miles de ellos, perfectamente sanos son sacrificados para reducir la sobrepoblaci\u00f3n que existe.<br>Creemos que existe una soluci\u00f3n diferente, promoviendo la cultura de adopci\u00f3n y la esterilizaci\u00f3n como medida preventiva para reducir el sufrimiento de miles de animales.<br>En los \u00faltimos 5 a\u00f1os hemos encontrado 45,000 hogares, ayudando a m\u00e1s de 1200 asociaciones protectoras de animales y protectores independientes.<br>Queremos hacer m\u00e1s, llevando nuestra plataforma de adopci\u00f3n a cada pa\u00eds en Latinoam\u00e9rica y para \u00e9sto necesitamos tu ayuda.<br><a href=\"http:\/\/www.buscafuska.org\/index.php\/conviertete-en-un-angel-guardian\/\">S\u00famate contra el maltrato animal<\/a><\/p>\n","protected":false},"excerpt":{"rendered":"<p>Existen m\u00e1s de 60 millones de animales en la calle en Latinoam\u00e9rica, sufriendo hambre, fr\u00edo y maltrato. Cada d\u00eda miles de ellos, perfectamente sanos son sacrificados para reducir la sobrepoblaci\u00f3n que existe.Creemos que existe una soluci\u00f3n diferente, promoviendo la cultura de adopci\u00f3n y la esterilizaci\u00f3n como medida preventiva para reducir el sufrimiento de miles de [&hellip;]<\/p>\n","protected":false},"author":1,"featured_media":0,"parent":0,"menu_order":0,"comment_status":"closed","ping_status":"closed","template":"","meta":{"footnotes":""},"class_list":["post-6","page","type-page","status-publish","hentry"],"_links":{"self":[{"href":"http:\/\/buscafuska.org\/index.php?rest_route=\/wp\/v2\/pages\/6","targetHints":{"allow":["GET"]}}],"collection":[{"href":"http:\/\/buscafuska.org\/index.php?rest_route=\/wp\/v2\/pages"}],"about":[{"href":"http:\/\/buscafuska.org\/index.php?rest_route=\/wp\/v2\/types\/page"}],"author":[{"embeddable":true,"href":"http:\/\/buscafuska.org\/index.php?rest_route=\/wp\/v2\/users\/1"}],"replies":[{"embeddable":true,"href":"http:\/\/buscafuska.org\/index.php?rest_route=%2Fwp%2Fv2%2Fcomments&post=6"}],"version-history":[{"count":1,"href":"http:\/\/buscafuska.org\/index.php?rest_route=\/wp\/v2\/pages\/6\/revisions"}],"predecessor-version":[{"id":15,"href":"http:\/\/buscafuska.org\/index.php?rest_route=\/wp\/v2\/pages\/6\/revisions\/15"}],"wp:attachment":[{"href":"http:\/\/buscafuska.org\/index.php?rest_route=%2Fwp%2Fv2%2Fmedia&parent=6"}],"curies":[{"name":"wp","href":"https:\/\/api.w.org\/{rel}","templated":true}]}}