{"id":614,"date":"2015-10-10T23:13:47","date_gmt":"2015-10-11T04:13:47","guid":{"rendered":"http:\/\/www.buscafuska.org\/?page_id=614"},"modified":"2015-10-10T23:13:47","modified_gmt":"2015-10-11T04:13:47","slug":"conviertete-en-un-angel-guardian","status":"publish","type":"page","link":"http:\/\/buscafuska.org\/?page_id=614","title":{"rendered":"Convi\u00e9rtete en un Angel Guardian"},"content":{"rendered":"<p><a href=\"http:\/\/buscafuska.org\/wp-content\/uploads\/sites\/5\/2015\/10\/dar-la-pata.jpg\"><img fetchpriority=\"high\" decoding=\"async\" class=\"aligncenter size-medium wp-image-612\" src=\"http:\/\/www.buscafuska.org\/wp-content\/uploads\/2015\/10\/dar-la-pata-300x235.jpg\" alt=\"dar-la-pata\" width=\"300\" height=\"235\" srcset=\"http:\/\/buscafuska.org\/wp-content\/uploads\/sites\/5\/2015\/10\/dar-la-pata-300x235.jpg 300w, http:\/\/buscafuska.org\/wp-content\/uploads\/sites\/5\/2015\/10\/dar-la-pata.jpg 550w\" sizes=\"(max-width: 300px) 100vw, 300px\" \/><\/a><\/p>\n<p>Al suscribirte a nuestro programa Angel Guardi\u00e1n, te sumas contra el maltrato animal y har\u00e1s una gran diferencia donando la cantidad que elijas de forma mensual.<\/p>\n<p>Fundaci\u00f3n BuscaFuska A.C. usar\u00e1 el 100% de tus donativos para ayudar directamente a los animales, trimestralmente te enviaremos un reporte de las actividades que realizamos con tu donativo, adicionalmente, recibir\u00e1s una vez al a\u00f1o nuestro reporte anual de transparencia para que puedas corroborar que tu donativo realmente tuvo un gran impacto en la vida de miles de animales.<\/p>\n<p>Tu donativo ser\u00e1 procesado por PayPal, de esta forma tus datos financieros estar\u00e1n seguros.<\/p>\n<table>\n<tbody>\n<tr>\n<td><\/td>\n<\/tr>\n<tr>\n<td>\nAngel Guardian : $59.00 MXN &#8211; mensual<br \/>\nAngel Guardian : $149.00 MXN &#8211; mensual<br \/>\nAngel Guardian : $249.00 MXN &#8211; mensual<br \/>\nAngel Guardian : $449.00 MXN &#8211; mensual\n<\/td>\n<\/tr>\n<\/tbody>\n<\/table>\n<p><img decoding=\"async\" src=\"https:\/\/www.paypalobjects.com\/es_XC\/i\/scr\/pixel.gif\" alt=\"\" width=\"1\" height=\"1\" border=\"0\" \/><\/p>\n","protected":false},"excerpt":{"rendered":"<p>Al suscribirte a nuestro programa Angel Guardi\u00e1n, te sumas contra el maltrato animal y har\u00e1s una gran diferencia donando la cantidad que elijas de forma mensual. Fundaci\u00f3n BuscaFuska A.C. usar\u00e1 el 100% de tus donativos para ayudar directamente a los animales, trimestralmente te enviaremos un reporte de las actividades que realizamos con tu donativo, adicionalmente, [&hellip;]<\/p>\n","protected":false},"author":7,"featured_media":0,"parent":0,"menu_order":0,"comment_status":"closed","ping_status":"closed","template":"","meta":{"footnotes":""},"class_list":["post-614","page","type-page","status-publish","hentry"],"_links":{"self":[{"href":"http:\/\/buscafuska.org\/index.php?rest_route=\/wp\/v2\/pages\/614","targetHints":{"allow":["GET"]}}],"collection":[{"href":"http:\/\/buscafuska.org\/index.php?rest_route=\/wp\/v2\/pages"}],"about":[{"href":"http:\/\/buscafuska.org\/index.php?rest_route=\/wp\/v2\/types\/page"}],"author":[{"embeddable":true,"href":"http:\/\/buscafuska.org\/index.php?rest_route=\/wp\/v2\/users\/7"}],"replies":[{"embeddable":true,"href":"http:\/\/buscafuska.org\/index.php?rest_route=%2Fwp%2Fv2%2Fcomments&post=614"}],"version-history":[{"count":0,"href":"http:\/\/buscafuska.org\/index.php?rest_route=\/wp\/v2\/pages\/614\/revisions"}],"wp:attachment":[{"href":"http:\/\/buscafuska.org\/index.php?rest_route=%2Fwp%2Fv2%2Fmedia&parent=614"}],"curies":[{"name":"wp","href":"https:\/\/api.w.org\/{rel}","templated":true}]}}